{"id":19,"date":"2014-12-05T11:32:26","date_gmt":"2014-12-05T10:32:26","guid":{"rendered":"http:\/\/vsboeheimkirchen.ac.at\/?page_id=19"},"modified":"2025-05-13T13:07:02","modified_gmt":"2025-05-13T12:07:02","slug":"links","status":"publish","type":"page","link":"https:\/\/vsboeheimkirchen.ac.at\/?page_id=19","title":{"rendered":"LINKS"},"content":{"rendered":"\n<p><a href=\"https:\/\/kidspoint.at\/\">Kidspoint<\/a> <\/p>\n\n\n\n<p><a href=\"https:\/\/www.msbkk.at\/\">Musikschule B\u00f6heimkirchen<\/a><\/p>\n\n\n\n<p><a href=\"https:\/\/nmsboeheimkirchen.ac.at\/\">Nieder\u00f6sterreichische Mittelschule B\u00f6heimkirchen<\/a><\/p>\n\n\n\n<p><a href=\"https:\/\/www.boeheimkirchen.eu\/\">Gemeinde B\u00f6heimkirchen<\/a><\/p>\n\n\n\n<p><a href=\"https:\/\/www.bildung-noe.gv.at\/Schule-und-Unterricht\/Schulpsychologie0.html\">Schulpsychologie N\u00d6<\/a><\/p>\n\n\n\n<p><a href=\"https:\/\/www.noe.gv.at\/noe\/Jugend\/Kinder-_und_Jugendhilfe.html\">Kinder- und Jugendhilfe N\u00d6<\/a><\/p>\n\n\n\n<p><a href=\"https:\/\/www.ambulatorium-sonnenschein.at\/\">Ambulatorium Sonnenschein<\/a><\/p>\n\n\n\n<p><a href=\"https:\/\/www.noetutgut.at\/angebote\/apollonia-noe\">Apollonia N\u00d6<\/a><\/p>\n\n\n\n<p><a href=\"https:\/\/www.noetutgut.at\/\">Tut gut, N\u00d6<\/a><\/p>\n\n\n\n<p><a href=\"https:\/\/www.sipcan.at\/\">SIPCAN &#8211; Initiative f\u00fcr ein gesundes Leben<\/a><\/p>\n\n\n\n<p><a href=\"https:\/\/www.bildung-noe.gv.at\/\">Bildungsdirektion N\u00d6<\/a><\/p>\n\n\n\n<p><a href=\"https:\/\/www.bmbwf.gv.at\/\">Bildungsministerium f\u00fcr Bildung, Wissenschaft und Forschung<\/a><\/p>\n\n\n<h3>&nbsp;<\/h3>\n<p><\/p>\n<h3>&nbsp;<\/h3>\n<p><\/p>\n\n\n<p><\/p>\n","protected":false},"excerpt":{"rendered":"<p>Kidspoint Musikschule B\u00f6heimkirchen Nieder\u00f6sterreichische Mittelschule B\u00f6heimkirchen Gemeinde B\u00f6heimkirchen Schulpsychologie N\u00d6 Kinder- und Jugendhilfe N\u00d6 Ambulatorium Sonnenschein Apollonia N\u00d6 Tut gut, N\u00d6 SIPCAN &#8211; Initiative f\u00fcr ein gesundes Leben Bildungsdirektion N\u00d6 Bildungsministerium f\u00fcr Bildung, Wissenschaft und Forschung &nbsp; &nbsp;<\/p>\n","protected":false},"author":1,"featured_media":0,"parent":0,"menu_order":7,"comment_status":"closed","ping_status":"closed","template":"","meta":{"two_page_speed":[]},"_links":{"self":[{"href":"https:\/\/vsboeheimkirchen.ac.at\/index.php?rest_route=\/wp\/v2\/pages\/19"}],"collection":[{"href":"https:\/\/vsboeheimkirchen.ac.at\/index.php?rest_route=\/wp\/v2\/pages"}],"about":[{"href":"https:\/\/vsboeheimkirchen.ac.at\/index.php?rest_route=\/wp\/v2\/types\/page"}],"author":[{"embeddable":true,"href":"https:\/\/vsboeheimkirchen.ac.at\/index.php?rest_route=\/wp\/v2\/users\/1"}],"replies":[{"embeddable":true,"href":"https:\/\/vsboeheimkirchen.ac.at\/index.php?rest_route=%2Fwp%2Fv2%2Fcomments&post=19"}],"version-history":[{"count":55,"href":"https:\/\/vsboeheimkirchen.ac.at\/index.php?rest_route=\/wp\/v2\/pages\/19\/revisions"}],"predecessor-version":[{"id":5188,"href":"https:\/\/vsboeheimkirchen.ac.at\/index.php?rest_route=\/wp\/v2\/pages\/19\/revisions\/5188"}],"wp:attachment":[{"href":"https:\/\/vsboeheimkirchen.ac.at\/index.php?rest_route=%2Fwp%2Fv2%2Fmedia&parent=19"}],"curies":[{"name":"wp","href":"https:\/\/api.w.org\/{rel}","templated":true}]}}