{"id":26,"date":"2014-12-05T11:34:57","date_gmt":"2014-12-05T10:34:57","guid":{"rendered":"http:\/\/vsboeheimkirchen.ac.at\/?page_id=26"},"modified":"2022-10-04T14:03:28","modified_gmt":"2022-10-04T13:03:28","slug":"unsere-klassen","status":"publish","type":"page","link":"https:\/\/vsboeheimkirchen.ac.at\/?page_id=26","title":{"rendered":"INKLUSION"},"content":{"rendered":"\n<h2>Eine Schule, die gut f\u00fcr Kinder mit besonderen Bed\u00fcrfnissen ist, ist eine bessere Schule f\u00fcr alle.<\/h2>\n\n\n<div class=\"wp-block-image\">\n<figure class=\"alignright\"><img loading=\"lazy\" width=\"275\" height=\"425\" src=\"https:\/\/vsboeheimkirchen.ac.at\/wp-content\/uploads\/2015\/01\/jakobele-mit-Pinsel-gef\u00e4rbt.png\" alt=\"Jakobele mit Pinsel\" class=\"wp-image-1314\" srcset=\"https:\/\/vsboeheimkirchen.ac.at\/wp-content\/uploads\/2015\/01\/jakobele-mit-Pinsel-gef\u00e4rbt.png 275w, https:\/\/vsboeheimkirchen.ac.at\/wp-content\/uploads\/2015\/01\/jakobele-mit-Pinsel-gef\u00e4rbt-194x300.png 194w\" sizes=\"(max-width: 275px) 100vw, 275px\" \/><\/figure><\/div>\n\n\n<p>Inklusion ist die Einbeziehung von Menschen mit Behinderungen in die Gesellschaft. Nichtbehinderte Sch\u00fcler lernen ihren Schulalltag mit Gleichaltrigen zu teilen, die auf die eine oder andere Weise \u201eanders\u201c sind.<\/p>\n\n\n\n<p>Dies kann am besten durch Formen des kooperativen Unterrichts umgesetzt werden. Das Lernen in Teams erm\u00f6glicht dadurch den Sch\u00fclern mit ihren Verschiedenheiten konstruktiv umzugehen. Jeder hat St\u00e4rken und Schw\u00e4chen. Das Ziel ist: Wertsch\u00e4tzend und respektvoll miteinander umzugehen.<\/p>\n\n\n\n<p>Kinder mit besonderen Bed\u00fcrfnissen werden an unserer Schule in den einzelnen Klassen stundenweise zus\u00e4tzlich von P\u00e4dagogen, P\u00e4dagoginnen und Schulassistentinnen unterst\u00fctzt und bestm\u00f6glich gef\u00f6rdert.<\/p>\n\n\n\n<p>Dies erfordert nat\u00fcrlich ein hohes Ma\u00df an Kooperation und Teamf\u00e4higkeit aller beteiligten Personen.&nbsp;Inklusion ist an unserer Schule nicht blo\u00df Schlagwort, sondern wird gelebt und es profitieren alle, vor allem unsere Sch\u00fcler davon.<\/p>\n\n\n\n<p>Der Unterricht findet gemeinsam statt, jedoch individuell und differenziert. Nach Bedarf werden die Sch\u00fcler in einer Kleingruppe in angeschlossenen Nebenr\u00e4umen unterrichtet. Gro\u00dfer Wert wird auf Gemeinschaft, Ordnung, Ruhe, Bewegung und Sport, gesunde Ern\u00e4hrung und praktische Arbeit gelegt.<br>Es wird viel gesungen und getanzt, auch Spa\u00df und Spiel kommen nie zu kurz.<\/p>\n\n\n\n<p>So k\u00f6nnen sich&nbsp;alle Personen der Klassen individuell&nbsp;entfalten und sich vor allem wohlf\u00fchlen.<\/p>\n","protected":false},"excerpt":{"rendered":"<p>Eine Schule, die gut f\u00fcr Kinder mit besonderen Bed\u00fcrfnissen ist, ist eine bessere Schule f\u00fcr alle. Inklusion ist die Einbeziehung von Menschen mit Behinderungen in die Gesellschaft. Nichtbehinderte Sch\u00fcler lernen ihren Schulalltag mit Gleichaltrigen zu teilen, die auf die eine oder andere Weise \u201eanders\u201c sind. Dies kann am besten durch Formen des kooperativen Unterrichts umgesetzt [&hellip;]<\/p>\n","protected":false},"author":1,"featured_media":0,"parent":9,"menu_order":2,"comment_status":"closed","ping_status":"closed","template":"","meta":{"two_page_speed":[]},"_links":{"self":[{"href":"https:\/\/vsboeheimkirchen.ac.at\/index.php?rest_route=\/wp\/v2\/pages\/26"}],"collection":[{"href":"https:\/\/vsboeheimkirchen.ac.at\/index.php?rest_route=\/wp\/v2\/pages"}],"about":[{"href":"https:\/\/vsboeheimkirchen.ac.at\/index.php?rest_route=\/wp\/v2\/types\/page"}],"author":[{"embeddable":true,"href":"https:\/\/vsboeheimkirchen.ac.at\/index.php?rest_route=\/wp\/v2\/users\/1"}],"replies":[{"embeddable":true,"href":"https:\/\/vsboeheimkirchen.ac.at\/index.php?rest_route=%2Fwp%2Fv2%2Fcomments&post=26"}],"version-history":[{"count":20,"href":"https:\/\/vsboeheimkirchen.ac.at\/index.php?rest_route=\/wp\/v2\/pages\/26\/revisions"}],"predecessor-version":[{"id":4228,"href":"https:\/\/vsboeheimkirchen.ac.at\/index.php?rest_route=\/wp\/v2\/pages\/26\/revisions\/4228"}],"up":[{"embeddable":true,"href":"https:\/\/vsboeheimkirchen.ac.at\/index.php?rest_route=\/wp\/v2\/pages\/9"}],"wp:attachment":[{"href":"https:\/\/vsboeheimkirchen.ac.at\/index.php?rest_route=%2Fwp%2Fv2%2Fmedia&parent=26"}],"curies":[{"name":"wp","href":"https:\/\/api.w.org\/{rel}","templated":true}]}}