{"id":3776,"date":"2022-08-26T12:52:01","date_gmt":"2022-08-26T11:52:01","guid":{"rendered":"http:\/\/vsboeheimkirchen.ac.at\/?page_id=3776"},"modified":"2026-01-20T13:36:16","modified_gmt":"2026-01-20T12:36:16","slug":"ferienbetreuung","status":"publish","type":"page","link":"https:\/\/vsboeheimkirchen.ac.at\/?page_id=3776","title":{"rendered":"FERIENBETREUUNG"},"content":{"rendered":"<div class=\"wp-block-image\">\n<figure class=\"alignright size-full is-resized\"><a href=\"https:\/\/vsboeheimkirchen.ac.at\/wp-content\/uploads\/2022\/10\/Wappen-Ferienbetreuung.jpg\"><img loading=\"lazy\" src=\"https:\/\/vsboeheimkirchen.ac.at\/wp-content\/uploads\/2022\/10\/Wappen-Ferienbetreuung.jpg\" alt=\"\" class=\"wp-image-4284\" width=\"218\" height=\"218\" srcset=\"https:\/\/vsboeheimkirchen.ac.at\/wp-content\/uploads\/2022\/10\/Wappen-Ferienbetreuung.jpg 300w, https:\/\/vsboeheimkirchen.ac.at\/wp-content\/uploads\/2022\/10\/Wappen-Ferienbetreuung-150x150.jpg 150w\" sizes=\"(max-width: 218px) 100vw, 218px\" \/><\/a><\/figure><\/div>\n\n\n<p>Die Marktgemeinde B\u00f6heimkirchen bietet in FERIENZEITEN &#8211; bei Betreuungsbedarf &#8211;  Familien die<br>M\u00f6glichkeit der Ferienbetreuung an (Herbst-, Semester-, Oster- und Sommerferien).<br>Dieses Angebot wird in den R\u00e4umlichkeiten der Volksschule B\u00f6heimkirchen gemeinsam mit Kidspoint erm\u00f6glicht. Angeboten wird die Betreuung nach einer Bedarfserhebung bei den Eltern und ist auch sprengelfremden Sch\u00fclerinnen und Sch\u00fclern im VS \u2013 Alter zug\u00e4ngig. <br><strong>Das Anmeldeformular finden Sie gegebenenfalls im Downloadbereich.<\/strong><br>Beachten Sie bitte den Anmeldeschluss oder fragen Sie beim Team der Nachmittagsbetreuung nach, ob es noch freie Kapazit\u00e4ten gibt. <br>Anmeldungen bitte an: <mark style=\"background-color:rgba(0, 0, 0, 0)\" class=\"has-inline-color has-blue-color\">snb.boeheimkirchen@kidspoint.at<\/mark> mailen.<br>Sie erhalten nach Anmeldeschluss R\u00fcckmeldung, welche Wochen aufgrund des Bedarfs angeboten werden.<br><strong>Kontakt<\/strong>: 0664\/8556378<\/p>\n","protected":false},"excerpt":{"rendered":"<p>Die Marktgemeinde B\u00f6heimkirchen bietet in FERIENZEITEN &#8211; bei Betreuungsbedarf &#8211; Familien dieM\u00f6glichkeit der Ferienbetreuung an (Herbst-, Semester-, Oster- und Sommerferien).Dieses Angebot wird in den R\u00e4umlichkeiten der Volksschule B\u00f6heimkirchen gemeinsam mit Kidspoint erm\u00f6glicht. Angeboten wird die Betreuung nach einer Bedarfserhebung bei den Eltern und ist auch sprengelfremden Sch\u00fclerinnen und Sch\u00fclern im VS \u2013 Alter zug\u00e4ngig. Das [&hellip;]<\/p>\n","protected":false},"author":1,"featured_media":0,"parent":0,"menu_order":0,"comment_status":"closed","ping_status":"closed","template":"","meta":{"two_page_speed":[]},"_links":{"self":[{"href":"https:\/\/vsboeheimkirchen.ac.at\/index.php?rest_route=\/wp\/v2\/pages\/3776"}],"collection":[{"href":"https:\/\/vsboeheimkirchen.ac.at\/index.php?rest_route=\/wp\/v2\/pages"}],"about":[{"href":"https:\/\/vsboeheimkirchen.ac.at\/index.php?rest_route=\/wp\/v2\/types\/page"}],"author":[{"embeddable":true,"href":"https:\/\/vsboeheimkirchen.ac.at\/index.php?rest_route=\/wp\/v2\/users\/1"}],"replies":[{"embeddable":true,"href":"https:\/\/vsboeheimkirchen.ac.at\/index.php?rest_route=%2Fwp%2Fv2%2Fcomments&post=3776"}],"version-history":[{"count":16,"href":"https:\/\/vsboeheimkirchen.ac.at\/index.php?rest_route=\/wp\/v2\/pages\/3776\/revisions"}],"predecessor-version":[{"id":6068,"href":"https:\/\/vsboeheimkirchen.ac.at\/index.php?rest_route=\/wp\/v2\/pages\/3776\/revisions\/6068"}],"wp:attachment":[{"href":"https:\/\/vsboeheimkirchen.ac.at\/index.php?rest_route=%2Fwp%2Fv2%2Fmedia&parent=3776"}],"curies":[{"name":"wp","href":"https:\/\/api.w.org\/{rel}","templated":true}]}}