{"id":3782,"date":"2022-08-26T12:52:01","date_gmt":"2022-08-26T11:52:01","guid":{"rendered":"http:\/\/vsboeheimkirchen.ac.at\/?page_id=3782"},"modified":"2026-01-20T14:39:02","modified_gmt":"2026-01-20T13:39:02","slug":"beratungslehrerin","status":"publish","type":"page","link":"https:\/\/vsboeheimkirchen.ac.at\/?page_id=3782","title":{"rendered":"BERATUNGSLEHRERIN"},"content":{"rendered":"<div class=\"wp-block-image\">\n<figure class=\"alignright size-full is-resized\"><a href=\"https:\/\/vsboeheimkirchen.ac.at\/wp-content\/uploads\/2022\/10\/Beratungslehrerin.jpg\"><img loading=\"lazy\" src=\"https:\/\/vsboeheimkirchen.ac.at\/wp-content\/uploads\/2022\/10\/Beratungslehrerin.jpg\" alt=\"\" class=\"wp-image-4421\" width=\"403\" height=\"406\" srcset=\"https:\/\/vsboeheimkirchen.ac.at\/wp-content\/uploads\/2022\/10\/Beratungslehrerin.jpg 533w, https:\/\/vsboeheimkirchen.ac.at\/wp-content\/uploads\/2022\/10\/Beratungslehrerin-297x300.jpg 297w, https:\/\/vsboeheimkirchen.ac.at\/wp-content\/uploads\/2022\/10\/Beratungslehrerin-150x150.jpg 150w\" sizes=\"(max-width: 403px) 100vw, 403px\" \/><\/a><\/figure><\/div>\n\n\n<p><strong>Aufgaben von<\/strong> <strong>Beratungslehrerinnen und Beratungslehrer<\/strong> <strong>im Schulsystem:<\/strong><\/p>\n\n\n\n<ol><li><strong>Unterst\u00fctzung von Sch\u00fclerInnen<\/strong> in ihrer sozialen und emotionalen Entwicklung durch:<br>a) Entwicklung und Durchf\u00fchrung von indiv. Betreuungskonzepten<br>b) P\u00e4dagogische Intervention<br>c) Kontinuierliche Betreuung<br>d) Mitgestaltung entwicklungsf\u00f6rdernder Lernbedingungen<br>e) Krisenintervention<br>f) Konfliktmanagement<br>g) Gewaltpr\u00e4vention&nbsp;<\/li><li><strong>Unterst\u00fctzung von LehrerInnen:<\/strong><br>a) Kollegiale Beratung<br>b) Problem- Situationsanalyse<br>c) R\u00fcckmeldung<br>d) LehrerInnenverhalten<br>e) Teilnahme an Konferenzen<br>&nbsp;f) Info an LehrerIn zum Thema Verhaltensauff\u00e4lligkeit&nbsp;<\/li><li><strong>Unterst\u00fctzung von Erziehungsberechtigten durch p\u00e4dagogische Beratung<\/strong>&nbsp;<\/li><li><strong>Vernetzung mit anderen Systemen<\/strong><br>a) Schulpsychologie<br>b) Kinder und Jugendhilfe<br>c) Kinder- und Jugendpsychiatrie<br>d) Ambulatorien&nbsp;<\/li><li><strong>HelferInnenkonferenzen<\/strong>&nbsp;<\/li><li><strong>Erstellen von Gutachten bez\u00fcgl. SPF<\/strong><\/li><\/ol>\n\n\n\n<p><strong>Zielsetzungen:<\/strong><\/p>\n\n\n\n<ol><li>Sch\u00fclerinnen und Sch\u00fclern mit problemhaften Sozialverhalten den Verbleib an der Regelschule zu erm\u00f6glichen<\/li><li>LehrerInnen in Situationen erh\u00f6hter Anforderung im Umgang mit schwierigen Sch\u00fclerInnen unterst\u00fctzen<\/li><li>Erziehungsberechtigte in schwierigen Erziehungssituationen beraten<\/li><\/ol>\n\n\n\n<h3><strong>An unserer Schule steht uns Frau <mark style=\"background-color:rgba(0, 0, 0, 0)\" class=\"has-inline-color has-blue-color\">Doris Altphart-Urban BEd<\/mark> beratend zur Seite. <\/strong><a href=\"https:\/\/vsboeheimkirchen.ac.at\/wp-content\/uploads\/2025\/05\/EV_Beratungslehrerin.pdf\" data-type=\"URL\" data-id=\"https:\/\/vsboeheimkirchen.ac.at\/wp-content\/uploads\/2025\/05\/EV_Beratungslehrerin.pdf\">Die EV &#8211; Erkl\u00e4rung finden Sie hier<\/a>.<\/h3>\n","protected":false},"excerpt":{"rendered":"<p>Aufgaben von Beratungslehrerinnen und Beratungslehrer im Schulsystem: Unterst\u00fctzung von Sch\u00fclerInnen in ihrer sozialen und emotionalen Entwicklung durch:a) Entwicklung und Durchf\u00fchrung von indiv. Betreuungskonzeptenb) P\u00e4dagogische Interventionc) Kontinuierliche Betreuungd) Mitgestaltung entwicklungsf\u00f6rdernder Lernbedingungene) Kriseninterventionf) Konfliktmanagementg) Gewaltpr\u00e4vention&nbsp; Unterst\u00fctzung von LehrerInnen:a) Kollegiale Beratungb) Problem- Situationsanalysec) R\u00fcckmeldungd) LehrerInnenverhaltene) Teilnahme an Konferenzen&nbsp;f) Info an LehrerIn zum Thema Verhaltensauff\u00e4lligkeit&nbsp; Unterst\u00fctzung von Erziehungsberechtigten durch [&hellip;]<\/p>\n","protected":false},"author":1,"featured_media":0,"parent":0,"menu_order":0,"comment_status":"closed","ping_status":"closed","template":"","meta":{"two_page_speed":[]},"_links":{"self":[{"href":"https:\/\/vsboeheimkirchen.ac.at\/index.php?rest_route=\/wp\/v2\/pages\/3782"}],"collection":[{"href":"https:\/\/vsboeheimkirchen.ac.at\/index.php?rest_route=\/wp\/v2\/pages"}],"about":[{"href":"https:\/\/vsboeheimkirchen.ac.at\/index.php?rest_route=\/wp\/v2\/types\/page"}],"author":[{"embeddable":true,"href":"https:\/\/vsboeheimkirchen.ac.at\/index.php?rest_route=\/wp\/v2\/users\/1"}],"replies":[{"embeddable":true,"href":"https:\/\/vsboeheimkirchen.ac.at\/index.php?rest_route=%2Fwp%2Fv2%2Fcomments&post=3782"}],"version-history":[{"count":11,"href":"https:\/\/vsboeheimkirchen.ac.at\/index.php?rest_route=\/wp\/v2\/pages\/3782\/revisions"}],"predecessor-version":[{"id":6098,"href":"https:\/\/vsboeheimkirchen.ac.at\/index.php?rest_route=\/wp\/v2\/pages\/3782\/revisions\/6098"}],"wp:attachment":[{"href":"https:\/\/vsboeheimkirchen.ac.at\/index.php?rest_route=%2Fwp%2Fv2%2Fmedia&parent=3782"}],"curies":[{"name":"wp","href":"https:\/\/api.w.org\/{rel}","templated":true}]}}