{"id":3793,"date":"2022-08-26T12:52:01","date_gmt":"2022-08-26T11:52:01","guid":{"rendered":"http:\/\/vsboeheimkirchen.ac.at\/?page_id=3793"},"modified":"2022-10-17T17:56:40","modified_gmt":"2022-10-17T16:56:40","slug":"rs-beratung","status":"publish","type":"page","link":"https:\/\/vsboeheimkirchen.ac.at\/?page_id=3793","title":{"rendered":"RS-BERATUNG"},"content":{"rendered":"<div class=\"wp-block-image\">\n<figure class=\"alignright size-full is-resized\"><a href=\"https:\/\/vsboeheimkirchen.ac.at\/wp-content\/uploads\/2022\/10\/Dyskalkulie.jpg\"><img loading=\"lazy\" src=\"https:\/\/vsboeheimkirchen.ac.at\/wp-content\/uploads\/2022\/10\/Dyskalkulie-edited.jpg\" alt=\"\" class=\"wp-image-4403\" width=\"441\" height=\"236\" srcset=\"https:\/\/vsboeheimkirchen.ac.at\/wp-content\/uploads\/2022\/10\/Dyskalkulie-edited.jpg 343w, https:\/\/vsboeheimkirchen.ac.at\/wp-content\/uploads\/2022\/10\/Dyskalkulie-edited-300x160.jpg 300w\" sizes=\"(max-width: 441px) 100vw, 441px\" \/><\/a><\/figure><\/div>\n\n\n<p><strong>RS (RECHENSCHW\u00c4CHE)<br><\/strong>Unter Rechenschw\u00e4che bzw. Dyskalkulie verstehen wir lange andauernde, erhebliche Schwierigkeiten beim Erwerb mathematischer Grundf\u00e4higkeiten. Das hei\u00dft, dass sich Betroffene schwer tun beim Rechnen lernen. Eine Rechenschw\u00e4che ist keine Krankheit, sondern eine Entwicklungsverz\u00f6gerung, die mit gezielter F\u00f6rderung \u00fcberwunden werden kann.<br><strong>Was sind m\u00f6gliche Indikatoren f\u00fcr eine Rechenschw\u00e4che:<br><\/strong>&nbsp;&#8211; Rechnet Ihr Kind fast ausschlie\u00dflich mit den Fingern?<br>&nbsp;&#8211; Verdreht es oft die Zahlen und schreibt die Einer vor den Zehnern?<br>&nbsp;&#8211; M\u00fcssen Aufgaben wie 10+5 immer wieder neu ausgerechnet werden?<br>&nbsp;&#8211; Treten oft Schwierigkeiten bei komplexeren Z\u00e4hl\u00fcbungen auf?<br>&nbsp;&#8211; Werden Messgr\u00f6\u00dfen oft v\u00f6llig unrealistisch eingesch\u00e4tzt?<br>Eine <strong>Rechenschw\u00e4che<\/strong> ist von diversen Faktoren wie Alter, Schulstufe und Entwicklungsstand des Kindes abh\u00e4ngig, welche bei der Einsch\u00e4tzung ber\u00fccksichtigt werden m\u00fcssen. F\u00fcr eine fundierte fachliche Auskunft empfehlen wir eine Beratung durch einen Experten.<\/p>\n\n\n<div class=\"wp-block-image\">\n<figure class=\"alignleft size-full is-resized\"><a href=\"https:\/\/vsboeheimkirchen.ac.at\/wp-content\/uploads\/2022\/10\/dyskalkulie-1.jpg\"><img loading=\"lazy\" src=\"https:\/\/vsboeheimkirchen.ac.at\/wp-content\/uploads\/2022\/10\/dyskalkulie-1.jpg\" alt=\"\" class=\"wp-image-4408\" width=\"404\" height=\"233\" srcset=\"https:\/\/vsboeheimkirchen.ac.at\/wp-content\/uploads\/2022\/10\/dyskalkulie-1.jpg 600w, https:\/\/vsboeheimkirchen.ac.at\/wp-content\/uploads\/2022\/10\/dyskalkulie-1-300x173.jpg 300w\" sizes=\"(max-width: 404px) 100vw, 404px\" \/><\/a><\/figure><\/div>\n\n\n<p><strong>An unserer Schule ber\u00e4t Sie VOL Karin Deminger bei Bedarf sehr gerne.  Dies ist ab der 1. Klasse jederzeit m\u00f6glich. <br><\/strong>Die <strong>Einverst\u00e4ndniserkl\u00e4rung f\u00fcr eine Diagnose<\/strong> finden Sie <a href=\"https:\/\/vsboeheimkirchen.ac.at\/wp-content\/uploads\/2022\/10\/RS_Formular_1_EV_Abklaerung-1.pdf\">hier<\/a>. <br>Es werden individuelle F\u00d6RDERPL\u00c4NE erstellt f\u00fcr den F\u00f6rderunterricht in der Schule, aber auch f\u00fcr zuhause. <br>Die <strong>EINVERST\u00c4NDNISERKL\u00c4RUNG f\u00fcr die F\u00d6RDERUNG <\/strong>gibt es <a href=\"https:\/\/vsboeheimkirchen.ac.at\/wp-content\/uploads\/2022\/10\/RS_Formular_2_EV_Foerderung_Kursbesuch.pdf\">hier<\/a>. <br><strong>\u00dcBUNGEN<\/strong> f\u00fcr den Schulstart finden Sie <a href=\"https:\/\/vsboeheimkirchen.ac.at\/wp-content\/uploads\/2022\/10\/Uebungsvorschlaege-fuer-den-Erst-Mathe-Unterricht-VSST.pdf\">hier<\/a>.<\/p>\n","protected":false},"excerpt":{"rendered":"<p>RS (RECHENSCHW\u00c4CHE)Unter Rechenschw\u00e4che bzw. Dyskalkulie verstehen wir lange andauernde, erhebliche Schwierigkeiten beim Erwerb mathematischer Grundf\u00e4higkeiten. Das hei\u00dft, dass sich Betroffene schwer tun beim Rechnen lernen. Eine Rechenschw\u00e4che ist keine Krankheit, sondern eine Entwicklungsverz\u00f6gerung, die mit gezielter F\u00f6rderung \u00fcberwunden werden kann.Was sind m\u00f6gliche Indikatoren f\u00fcr eine Rechenschw\u00e4che:&nbsp;&#8211; Rechnet Ihr Kind fast ausschlie\u00dflich mit den Fingern?&nbsp;&#8211; Verdreht [&hellip;]<\/p>\n","protected":false},"author":1,"featured_media":0,"parent":0,"menu_order":0,"comment_status":"closed","ping_status":"closed","template":"","meta":{"two_page_speed":[]},"_links":{"self":[{"href":"https:\/\/vsboeheimkirchen.ac.at\/index.php?rest_route=\/wp\/v2\/pages\/3793"}],"collection":[{"href":"https:\/\/vsboeheimkirchen.ac.at\/index.php?rest_route=\/wp\/v2\/pages"}],"about":[{"href":"https:\/\/vsboeheimkirchen.ac.at\/index.php?rest_route=\/wp\/v2\/types\/page"}],"author":[{"embeddable":true,"href":"https:\/\/vsboeheimkirchen.ac.at\/index.php?rest_route=\/wp\/v2\/users\/1"}],"replies":[{"embeddable":true,"href":"https:\/\/vsboeheimkirchen.ac.at\/index.php?rest_route=%2Fwp%2Fv2%2Fcomments&post=3793"}],"version-history":[{"count":18,"href":"https:\/\/vsboeheimkirchen.ac.at\/index.php?rest_route=\/wp\/v2\/pages\/3793\/revisions"}],"predecessor-version":[{"id":5152,"href":"https:\/\/vsboeheimkirchen.ac.at\/index.php?rest_route=\/wp\/v2\/pages\/3793\/revisions\/5152"}],"wp:attachment":[{"href":"https:\/\/vsboeheimkirchen.ac.at\/index.php?rest_route=%2Fwp%2Fv2%2Fmedia&parent=3793"}],"curies":[{"name":"wp","href":"https:\/\/api.w.org\/{rel}","templated":true}]}}