{"id":39,"date":"2014-12-05T11:44:37","date_gmt":"2014-12-05T10:44:37","guid":{"rendered":"http:\/\/vsboeheimkirchen.ac.at\/?page_id=39"},"modified":"2026-01-20T13:30:10","modified_gmt":"2026-01-20T12:30:10","slug":"foerderungen","status":"publish","type":"page","link":"https:\/\/vsboeheimkirchen.ac.at\/?page_id=39","title":{"rendered":"FR\u00dcHBETREUUNG"},"content":{"rendered":"\n<p>Die Fr\u00fchbetreuung wurde von der Gemeinde im Schuljahr 2019\/20 eingerichtet f\u00fcr den ausschlie\u00dflichen Bedarf von beiderseits berufst\u00e4tigen Eltern. <br>Sie findet an Unterrichtstagen von 6:40 \u2013 7:40 in der Volksschule statt (Eingang \u2013 TURNSAAL \/ Glocke Fr\u00fchbetreuung).<br>Eine Schulassistentin der Volksschule (Gemeindebedienstete)\u00a0betreut Ihr Kind in einer Gruppe von\u00a0 bis zu max. 20 Kindern in den R\u00e4umlichkeiten der Nachmittagsbetreuung und begleitet es auch in die Garderobe rechtzeitig zum Unterrichtsbeginn.<br><strong>START<\/strong>: am DIENSTAG der 1. Schulwoche<br><strong>ENDE<\/strong>: \u00a0am DONNERSTAG der letzten Schulwoche<br><br><strong>RICHTLINIEN<\/strong>:<br>Das <strong>Anmeldeformular<\/strong> inklusive der aktuellen <strong>Tarife<\/strong> und Einzugserm\u00e4chtigung finden Sie im Download-Bereich.<br>Abzugeben sind diese im Sekretariat der Volksschule (8 \u2013 12 Uhr) oder per Mail an <mark style=\"background-color:rgba(0, 0, 0, 0)\" class=\"has-inline-color has-blue-color\">petrascheriau@vsboeheimkirchen.ac.at<\/mark> zu \u00fcbermitteln. <strong>Der Betreuungsbeginn w\u00e4hrend des Schuljahres wird nach Einlangen aller Unterlagen im Anschluss vereinbart.<\/strong><br><br>Ab der 3. Schulwoche sind die vereinbarten Betreuungstage und Zeiten fix einzuhalten ( 1.\/2. SW \u2013 nach Bedarf\/ \u00c4nderungsm\u00f6glichkeiten ausschlie\u00dflich schriftlich am 1. Dezember oder 1. M\u00e4rz ). Bei Turnusdiensten der Eltern k\u00f6nnen die Tage dem Betreuungsteam monatlich im Vorhinein bekanntgegeben werden.<br><br><strong>KONTAKT:<\/strong> ausschlie\u00dflich \u00fcber die betreuende Person w\u00e4hrend der Betreuungszeiten ( 6:40 \u2013 7:40 ) unter der Nummer\u00a0 <strong>0664\/88224552<\/strong>\u00a0 oder jederzeit per SMS oder WHATSAPP au\u00dferhalb der Betreuungszeiten. <br><strong>Bitte sagen Sie Bescheid, wenn Ihr Kind an angemeldeten Tagen nicht kommt.<\/strong><br><\/p>\n\n\n\n<p><\/p>\n","protected":false},"excerpt":{"rendered":"<p>Die Fr\u00fchbetreuung wurde von der Gemeinde im Schuljahr 2019\/20 eingerichtet f\u00fcr den ausschlie\u00dflichen Bedarf von beiderseits berufst\u00e4tigen Eltern. Sie findet an Unterrichtstagen von 6:40 \u2013 7:40 in der Volksschule statt (Eingang \u2013 TURNSAAL \/ Glocke Fr\u00fchbetreuung).Eine Schulassistentin der Volksschule (Gemeindebedienstete)\u00a0betreut Ihr Kind in einer Gruppe von\u00a0 bis zu max. 20 Kindern in den R\u00e4umlichkeiten der [&hellip;]<\/p>\n","protected":false},"author":1,"featured_media":0,"parent":13,"menu_order":2,"comment_status":"closed","ping_status":"closed","template":"","meta":{"two_page_speed":[]},"_links":{"self":[{"href":"https:\/\/vsboeheimkirchen.ac.at\/index.php?rest_route=\/wp\/v2\/pages\/39"}],"collection":[{"href":"https:\/\/vsboeheimkirchen.ac.at\/index.php?rest_route=\/wp\/v2\/pages"}],"about":[{"href":"https:\/\/vsboeheimkirchen.ac.at\/index.php?rest_route=\/wp\/v2\/types\/page"}],"author":[{"embeddable":true,"href":"https:\/\/vsboeheimkirchen.ac.at\/index.php?rest_route=\/wp\/v2\/users\/1"}],"replies":[{"embeddable":true,"href":"https:\/\/vsboeheimkirchen.ac.at\/index.php?rest_route=%2Fwp%2Fv2%2Fcomments&post=39"}],"version-history":[{"count":37,"href":"https:\/\/vsboeheimkirchen.ac.at\/index.php?rest_route=\/wp\/v2\/pages\/39\/revisions"}],"predecessor-version":[{"id":6065,"href":"https:\/\/vsboeheimkirchen.ac.at\/index.php?rest_route=\/wp\/v2\/pages\/39\/revisions\/6065"}],"up":[{"embeddable":true,"href":"https:\/\/vsboeheimkirchen.ac.at\/index.php?rest_route=\/wp\/v2\/pages\/13"}],"wp:attachment":[{"href":"https:\/\/vsboeheimkirchen.ac.at\/index.php?rest_route=%2Fwp%2Fv2%2Fmedia&parent=39"}],"curies":[{"name":"wp","href":"https:\/\/api.w.org\/{rel}","templated":true}]}}