{"id":3960,"date":"2022-08-26T15:11:58","date_gmt":"2022-08-26T14:11:58","guid":{"rendered":"http:\/\/vsboeheimkirchen.ac.at\/?page_id=3960"},"modified":"2022-10-04T16:00:19","modified_gmt":"2022-10-04T15:00:19","slug":"musikschule","status":"publish","type":"page","link":"https:\/\/vsboeheimkirchen.ac.at\/?page_id=3960","title":{"rendered":"MUSIKSCHULE"},"content":{"rendered":"<div class=\"wp-block-image\">\n<figure class=\"alignright size-full is-resized\"><a href=\"https:\/\/vsboeheimkirchen.ac.at\/wp-content\/uploads\/2022\/08\/jakobele_mit-Gitarre-gefaerbt.png\"><img loading=\"lazy\" src=\"https:\/\/vsboeheimkirchen.ac.at\/wp-content\/uploads\/2022\/08\/jakobele_mit-Gitarre-gefaerbt.png\" alt=\"\" class=\"wp-image-3985\" width=\"157\" height=\"278\" srcset=\"https:\/\/vsboeheimkirchen.ac.at\/wp-content\/uploads\/2022\/08\/jakobele_mit-Gitarre-gefaerbt.png 240w, https:\/\/vsboeheimkirchen.ac.at\/wp-content\/uploads\/2022\/08\/jakobele_mit-Gitarre-gefaerbt-169x300.png 169w\" sizes=\"(max-width: 157px) 100vw, 157px\" \/><\/a><\/figure><\/div>\n\n\n<p>Die Kooperation der Volksschule B\u00f6heimkirchen mit der Musikschule B\u00f6heimkirchen findet seit vielen Jahren f\u00fcr alle Kinder der Volksschule statt.<\/p>\n\n\n\n<p>Elementares Musizieren findet f\u00fcr alle Kinder zweiw\u00f6chig im Rahmen des Klassenmusikunterrichtes statt. Eine ausgebildete Lehrkraft der Musikschule unterrichtet im Team \u2013 Teaching mit der Klassenlehrperson.<\/p>\n\n\n\n<p>Die Schwerpunkte dieses Unterrichtes liegen auf Singen, Rhythmik, Geh\u00f6rbildung mit Hilfe von Solmisation, Tanzen und Instrumentenpr\u00e4sentation. Dar\u00fcber hinaus werden Schulfeiern, Veranstaltungen beider Schulen gemeinsam mit Musik ausgestaltet.<\/p>\n\n\n\n<p>Ein wichtiges Zusatzangebot dieser Kooperation bilden der Kinderchor \u201eChorhasen\u201c \u2013 1. und 2. Schulstufe und \u201eFridolinos\u201c \u2013 3. und 4. Schulstufe unter der Leitung von Maria Haas und die Bl\u00e4serklasse unter der Leitung von MDir. Matthias Schwetz.<\/p>\n\n\n\n<p>Diese Angebote finden im Anschluss an den Schulunterricht statt und erfreuen sich gr\u00f6\u00dfter Beliebtheit.<\/p>\n","protected":false},"excerpt":{"rendered":"<p>Die Kooperation der Volksschule B\u00f6heimkirchen mit der Musikschule B\u00f6heimkirchen findet seit vielen Jahren f\u00fcr alle Kinder der Volksschule statt. Elementares Musizieren findet f\u00fcr alle Kinder zweiw\u00f6chig im Rahmen des Klassenmusikunterrichtes statt. Eine ausgebildete Lehrkraft der Musikschule unterrichtet im Team \u2013 Teaching mit der Klassenlehrperson. Die Schwerpunkte dieses Unterrichtes liegen auf Singen, Rhythmik, Geh\u00f6rbildung mit Hilfe [&hellip;]<\/p>\n","protected":false},"author":1,"featured_media":0,"parent":0,"menu_order":0,"comment_status":"closed","ping_status":"closed","template":"","meta":{"two_page_speed":[]},"_links":{"self":[{"href":"https:\/\/vsboeheimkirchen.ac.at\/index.php?rest_route=\/wp\/v2\/pages\/3960"}],"collection":[{"href":"https:\/\/vsboeheimkirchen.ac.at\/index.php?rest_route=\/wp\/v2\/pages"}],"about":[{"href":"https:\/\/vsboeheimkirchen.ac.at\/index.php?rest_route=\/wp\/v2\/types\/page"}],"author":[{"embeddable":true,"href":"https:\/\/vsboeheimkirchen.ac.at\/index.php?rest_route=\/wp\/v2\/users\/1"}],"replies":[{"embeddable":true,"href":"https:\/\/vsboeheimkirchen.ac.at\/index.php?rest_route=%2Fwp%2Fv2%2Fcomments&post=3960"}],"version-history":[{"count":4,"href":"https:\/\/vsboeheimkirchen.ac.at\/index.php?rest_route=\/wp\/v2\/pages\/3960\/revisions"}],"predecessor-version":[{"id":4296,"href":"https:\/\/vsboeheimkirchen.ac.at\/index.php?rest_route=\/wp\/v2\/pages\/3960\/revisions\/4296"}],"wp:attachment":[{"href":"https:\/\/vsboeheimkirchen.ac.at\/index.php?rest_route=%2Fwp%2Fv2%2Fmedia&parent=3960"}],"curies":[{"name":"wp","href":"https:\/\/api.w.org\/{rel}","templated":true}]}}