{"id":3971,"date":"2022-08-26T15:21:09","date_gmt":"2022-08-26T14:21:09","guid":{"rendered":"http:\/\/vsboeheimkirchen.ac.at\/?page_id=3971"},"modified":"2026-01-20T13:43:10","modified_gmt":"2026-01-20T12:43:10","slug":"kindergarten","status":"publish","type":"page","link":"https:\/\/vsboeheimkirchen.ac.at\/?page_id=3971","title":{"rendered":"NAHTSTELLE: KINDERGARTEN"},"content":{"rendered":"\n<figure class=\"wp-block-image size-full is-resized\"><a href=\"https:\/\/vsboeheimkirchen.ac.at\/wp-content\/uploads\/2022\/10\/Kindergarten.jpg\"><img loading=\"lazy\" src=\"https:\/\/vsboeheimkirchen.ac.at\/wp-content\/uploads\/2022\/10\/Kindergarten.jpg\" alt=\"\" class=\"wp-image-4161\" width=\"654\" height=\"193\" srcset=\"https:\/\/vsboeheimkirchen.ac.at\/wp-content\/uploads\/2022\/10\/Kindergarten.jpg 414w, https:\/\/vsboeheimkirchen.ac.at\/wp-content\/uploads\/2022\/10\/Kindergarten-300x88.jpg 300w\" sizes=\"(max-width: 654px) 100vw, 654px\" \/><\/a><\/figure>\n\n\n\n<p>Wir gestalten den Schulstart so, dass der \u00dcbergang vom Kindergarten zur Volksschule f\u00fcr das Schulkind ein angenehmes und positives Erlebnis wird. Dabei schauen wir vor allem auf die Potentiale &amp; den F\u00f6rderbedarf, die\/den Kinder mitbringen, um sie von Beginn an optimal f\u00f6rdern zu k\u00f6nnen.<br><strong>Projekte, die den \u00dcbergang begleiten:<\/strong><br><br><strong>Schulschnupper \u2013 Vormittage <\/strong>im 2. Semester<br>(1 Vorlese + 1 Spielstunde\u00a0 im Kindergarten und\u00a0 1 Sport-und 1 Lernstunde\u00a0 in der Klasse mit den Kindern der 2. und 3. Schulstufe\u00a0 \/ Gemeinsames Lernen und Essen\u00a0 in den 1. Klassen)<br><strong>Gemeinsamer Faschingsumzug<\/strong> : Faschingsdienstag ( im Ort in Kooperation mit der Musikschule \/ Gemeinde \/ Eltern)<br><strong>Schulschnupper- Fest \u00a0im Mai<\/strong> (Begr\u00fc\u00dfung im Turnsaal oder im Freien \/ Kleingruppen -Stationen in den Klassen \/ Begleitung durch Lehrerteam)<br><strong>\u00dcbergangsgespr\u00e4che:<\/strong> von Leiterinnen und P\u00e4dagoginnen beider Bildungseinrichtungen mit Eltern von Kindern mit besonderen Bed\u00fcrfnissen<\/p>\n\n\n\n<p><\/p>\n","protected":false},"excerpt":{"rendered":"<p>Wir gestalten den Schulstart so, dass der \u00dcbergang vom Kindergarten zur Volksschule f\u00fcr das Schulkind ein angenehmes und positives Erlebnis wird. Dabei schauen wir vor allem auf die Potentiale &amp; den F\u00f6rderbedarf, die\/den Kinder mitbringen, um sie von Beginn an optimal f\u00f6rdern zu k\u00f6nnen.Projekte, die den \u00dcbergang begleiten: Schulschnupper \u2013 Vormittage im 2. Semester(1 Vorlese [&hellip;]<\/p>\n","protected":false},"author":1,"featured_media":0,"parent":0,"menu_order":0,"comment_status":"closed","ping_status":"closed","template":"","meta":{"two_page_speed":[]},"_links":{"self":[{"href":"https:\/\/vsboeheimkirchen.ac.at\/index.php?rest_route=\/wp\/v2\/pages\/3971"}],"collection":[{"href":"https:\/\/vsboeheimkirchen.ac.at\/index.php?rest_route=\/wp\/v2\/pages"}],"about":[{"href":"https:\/\/vsboeheimkirchen.ac.at\/index.php?rest_route=\/wp\/v2\/types\/page"}],"author":[{"embeddable":true,"href":"https:\/\/vsboeheimkirchen.ac.at\/index.php?rest_route=\/wp\/v2\/users\/1"}],"replies":[{"embeddable":true,"href":"https:\/\/vsboeheimkirchen.ac.at\/index.php?rest_route=%2Fwp%2Fv2%2Fcomments&post=3971"}],"version-history":[{"count":16,"href":"https:\/\/vsboeheimkirchen.ac.at\/index.php?rest_route=\/wp\/v2\/pages\/3971\/revisions"}],"predecessor-version":[{"id":6072,"href":"https:\/\/vsboeheimkirchen.ac.at\/index.php?rest_route=\/wp\/v2\/pages\/3971\/revisions\/6072"}],"wp:attachment":[{"href":"https:\/\/vsboeheimkirchen.ac.at\/index.php?rest_route=%2Fwp%2Fv2%2Fmedia&parent=3971"}],"curies":[{"name":"wp","href":"https:\/\/api.w.org\/{rel}","templated":true}]}}