{"id":4973,"date":"2022-10-14T15:04:37","date_gmt":"2022-10-14T14:04:37","guid":{"rendered":"https:\/\/vsboeheimkirchen.ac.at\/?page_id=4973"},"modified":"2023-01-20T09:05:33","modified_gmt":"2023-01-20T08:05:33","slug":"einschreibung","status":"publish","type":"page","link":"https:\/\/vsboeheimkirchen.ac.at\/?page_id=4973","title":{"rendered":"SCHULEINSCHREIBUNG"},"content":{"rendered":"\n<p>Informationen zur ALLGEMEINEN SCHULPFLICHT (Aufnahme\/ Fr\u00fchchenregelung) in die Volksschule) finden Sie <a href=\"https:\/\/vsboeheimkirchen.ac.at\/wp-content\/uploads\/2022\/10\/Schulpflicht-Volksschule.pdf\">hier<\/a>. <br>Informationen zur VORZEITIGEN AUFNAHME finden Sie <a href=\"https:\/\/vsboeheimkirchen.ac.at\/wp-content\/uploads\/2022\/10\/Vorzeitig-Aufnahme-rechtliche-Grundlagen.pdf\">hier<\/a>. <br>Informationen zum SPRENGELFREMDEN SCHULBESUCH finden Sie <a href=\"https:\/\/vsboeheimkirchen.ac.at\/wp-content\/uploads\/2022\/10\/Informationen-zum-sprengelfremden-Schulbesuch.pdf\">hier<\/a>. <br>Informationen zum H\u00c4USLICHEN UNTERRICHT finden Sie <a href=\"https:\/\/vsboeheimkirchen.ac.at\/wp-content\/uploads\/2022\/10\/Haeuslicher-Unterricht-rechtliche-Grundlagen.pdf\">hier<\/a>. Informationen zur EXTERNISTENPR\u00dcFUNG (BDIR O\u00d6) finden Sie <a href=\"https:\/\/vsboeheimkirchen.ac.at\/wp-content\/uploads\/2022\/10\/FAQ_Externistenpruefungen_HP_Maerz2022-1.pdf\">hier<\/a>. <\/p>\n\n\n\n<p><strong>FORMULARE zur Schuleinschreibung befinden sich im Downloadbereich. <\/strong><\/p>\n\n\n\n<p> <\/p>\n\n\n\n<figure class=\"wp-block-image\"><img alt=\"\"\/><\/figure>\n","protected":false},"excerpt":{"rendered":"<p>Informationen zur ALLGEMEINEN SCHULPFLICHT (Aufnahme\/ Fr\u00fchchenregelung) in die Volksschule) finden Sie hier. Informationen zur VORZEITIGEN AUFNAHME finden Sie hier. Informationen zum SPRENGELFREMDEN SCHULBESUCH finden Sie hier. Informationen zum H\u00c4USLICHEN UNTERRICHT finden Sie hier. Informationen zur EXTERNISTENPR\u00dcFUNG (BDIR O\u00d6) finden Sie hier. FORMULARE zur Schuleinschreibung befinden sich im Downloadbereich.<\/p>\n","protected":false},"author":1,"featured_media":0,"parent":0,"menu_order":0,"comment_status":"closed","ping_status":"closed","template":"","meta":{"two_page_speed":[]},"_links":{"self":[{"href":"https:\/\/vsboeheimkirchen.ac.at\/index.php?rest_route=\/wp\/v2\/pages\/4973"}],"collection":[{"href":"https:\/\/vsboeheimkirchen.ac.at\/index.php?rest_route=\/wp\/v2\/pages"}],"about":[{"href":"https:\/\/vsboeheimkirchen.ac.at\/index.php?rest_route=\/wp\/v2\/types\/page"}],"author":[{"embeddable":true,"href":"https:\/\/vsboeheimkirchen.ac.at\/index.php?rest_route=\/wp\/v2\/users\/1"}],"replies":[{"embeddable":true,"href":"https:\/\/vsboeheimkirchen.ac.at\/index.php?rest_route=%2Fwp%2Fv2%2Fcomments&post=4973"}],"version-history":[{"count":23,"href":"https:\/\/vsboeheimkirchen.ac.at\/index.php?rest_route=\/wp\/v2\/pages\/4973\/revisions"}],"predecessor-version":[{"id":5657,"href":"https:\/\/vsboeheimkirchen.ac.at\/index.php?rest_route=\/wp\/v2\/pages\/4973\/revisions\/5657"}],"wp:attachment":[{"href":"https:\/\/vsboeheimkirchen.ac.at\/index.php?rest_route=%2Fwp%2Fv2%2Fmedia&parent=4973"}],"curies":[{"name":"wp","href":"https:\/\/api.w.org\/{rel}","templated":true}]}}