{"id":5069,"date":"2022-10-17T14:30:43","date_gmt":"2022-10-17T13:30:43","guid":{"rendered":"https:\/\/vsboeheimkirchen.ac.at\/?page_id=5069"},"modified":"2026-03-23T11:59:09","modified_gmt":"2026-03-23T10:59:09","slug":"fruehbetreuung-2","status":"publish","type":"page","link":"https:\/\/vsboeheimkirchen.ac.at\/?page_id=5069","title":{"rendered":"FR\u00dcHBETREUUNG"},"content":{"rendered":"\n<p>Anmeldung \/ \u00c4nderung<\/p>\n\n\n\n<div class=\"wp-block-file\"><object class=\"wp-block-file__embed\" data=\"https:\/\/vsboeheimkirchen.ac.at\/wp-content\/uploads\/2026\/03\/Fruehbetreuung-Anmeldung-25-26.pdf\" type=\"application\/pdf\" style=\"width:100%;height:600px\" aria-label=\"Einbettung von Fr\u00fchbetreuung Anmeldung 25-26.\"><\/object><a id=\"wp-block-file--media-da0c504c-3ed3-43b8-90c8-3722cb4fd42d\" href=\"https:\/\/vsboeheimkirchen.ac.at\/wp-content\/uploads\/2026\/03\/Fruehbetreuung-Anmeldung-25-26.pdf\">Fr\u00fchbetreuung Anmeldung 25-26<\/a><a href=\"https:\/\/vsboeheimkirchen.ac.at\/wp-content\/uploads\/2026\/03\/Fruehbetreuung-Anmeldung-25-26.pdf\" class=\"wp-block-file__button\" download aria-describedby=\"wp-block-file--media-da0c504c-3ed3-43b8-90c8-3722cb4fd42d\">Herunterladen<\/a><\/div>\n\n\n\n<p>Einzugserm\u00e4chtigung<\/p>\n\n\n\n<div class=\"wp-block-file\"><object class=\"wp-block-file__embed\" data=\"https:\/\/vsboeheimkirchen.ac.at\/wp-content\/uploads\/2026\/03\/Lastschriftanzeige-Fruehbetreuung.pdf\" type=\"application\/pdf\" style=\"width:100%;height:600px\" aria-label=\"Einbettung von Lastschriftanzeige-Fruehbetreuung.\"><\/object><a id=\"wp-block-file--media-6869711f-7c5e-4a73-98f6-ad841beeb298\" href=\"https:\/\/vsboeheimkirchen.ac.at\/wp-content\/uploads\/2026\/03\/Lastschriftanzeige-Fruehbetreuung.pdf\">Lastschriftanzeige-Fruehbetreuung<\/a><a href=\"https:\/\/vsboeheimkirchen.ac.at\/wp-content\/uploads\/2026\/03\/Lastschriftanzeige-Fruehbetreuung.pdf\" class=\"wp-block-file__button\" download aria-describedby=\"wp-block-file--media-6869711f-7c5e-4a73-98f6-ad841beeb298\">Herunterladen<\/a><\/div>\n\n\n\n<p>Richtlinien Fr\u00fchbetreuung<\/p>\n\n\n\n<div class=\"wp-block-file\"><object class=\"wp-block-file__embed\" data=\"https:\/\/vsboeheimkirchen.ac.at\/wp-content\/uploads\/2026\/03\/Einrichtungsordnung-Fruehbetr..pdf\" type=\"application\/pdf\" style=\"width:100%;height:600px\" aria-label=\"Einbettung von Einrichtungsordnung-Fruehbetr..\"><\/object><a id=\"wp-block-file--media-ebd9f5d4-1704-437a-be0a-6a1bb9c6fb07\" href=\"https:\/\/vsboeheimkirchen.ac.at\/wp-content\/uploads\/2026\/03\/Einrichtungsordnung-Fruehbetr..pdf\">Einrichtungsordnung-Fruehbetr.<\/a><a href=\"https:\/\/vsboeheimkirchen.ac.at\/wp-content\/uploads\/2026\/03\/Einrichtungsordnung-Fruehbetr..pdf\" class=\"wp-block-file__button\" download aria-describedby=\"wp-block-file--media-ebd9f5d4-1704-437a-be0a-6a1bb9c6fb07\">Herunterladen<\/a><\/div>\n","protected":false},"excerpt":{"rendered":"<p>Anmeldung \/ \u00c4nderung Einzugserm\u00e4chtigung Richtlinien Fr\u00fchbetreuung<\/p>\n","protected":false},"author":1,"featured_media":0,"parent":0,"menu_order":0,"comment_status":"closed","ping_status":"closed","template":"","meta":{"two_page_speed":[]},"_links":{"self":[{"href":"https:\/\/vsboeheimkirchen.ac.at\/index.php?rest_route=\/wp\/v2\/pages\/5069"}],"collection":[{"href":"https:\/\/vsboeheimkirchen.ac.at\/index.php?rest_route=\/wp\/v2\/pages"}],"about":[{"href":"https:\/\/vsboeheimkirchen.ac.at\/index.php?rest_route=\/wp\/v2\/types\/page"}],"author":[{"embeddable":true,"href":"https:\/\/vsboeheimkirchen.ac.at\/index.php?rest_route=\/wp\/v2\/users\/1"}],"replies":[{"embeddable":true,"href":"https:\/\/vsboeheimkirchen.ac.at\/index.php?rest_route=%2Fwp%2Fv2%2Fcomments&post=5069"}],"version-history":[{"count":20,"href":"https:\/\/vsboeheimkirchen.ac.at\/index.php?rest_route=\/wp\/v2\/pages\/5069\/revisions"}],"predecessor-version":[{"id":6221,"href":"https:\/\/vsboeheimkirchen.ac.at\/index.php?rest_route=\/wp\/v2\/pages\/5069\/revisions\/6221"}],"wp:attachment":[{"href":"https:\/\/vsboeheimkirchen.ac.at\/index.php?rest_route=%2Fwp%2Fv2%2Fmedia&parent=5069"}],"curies":[{"name":"wp","href":"https:\/\/api.w.org\/{rel}","templated":true}]}}