{"id":5871,"date":"2025-04-30T16:50:36","date_gmt":"2025-04-30T15:50:36","guid":{"rendered":"https:\/\/vsboeheimkirchen.ac.at\/?page_id=5871"},"modified":"2026-01-20T14:25:44","modified_gmt":"2026-01-20T13:25:44","slug":"bewegung-und-spiel","status":"publish","type":"page","link":"https:\/\/vsboeheimkirchen.ac.at\/?page_id=5871","title":{"rendered":"Bewegung und Spiel- BUS"},"content":{"rendered":"\n<p class=\"has-text-align-center\"><strong>Bewegung und Spiel f\u00fcr interessierte Sch\u00fclerinnen der 3. und 4. Klassen<\/strong><strong><\/strong><\/p>\n\n\n<div class=\"wp-block-image\">\n<figure class=\"aligncenter size-full\"><a href=\"https:\/\/vsboeheimkirchen.ac.at\/wp-content\/uploads\/2025\/05\/Ballspiele.png\"><img loading=\"lazy\" width=\"442\" height=\"242\" src=\"https:\/\/vsboeheimkirchen.ac.at\/wp-content\/uploads\/2025\/05\/Ballspiele.png\" alt=\"\" class=\"wp-image-5942\" srcset=\"https:\/\/vsboeheimkirchen.ac.at\/wp-content\/uploads\/2025\/05\/Ballspiele.png 442w, https:\/\/vsboeheimkirchen.ac.at\/wp-content\/uploads\/2025\/05\/Ballspiele-300x164.png 300w\" sizes=\"(max-width: 442px) 100vw, 442px\" \/><\/a><\/figure><\/div>\n\n\n<p class=\"has-text-align-center\">Wir bieten in der unverbindlichen \u00dcbung BEWEGUNG UND SPIEL<\/p>\n\n\n\n<p class=\"has-text-align-center\"><strong>BALLSPIELE F\u00dcR M\u00c4DCHEN<\/strong><\/p>\n\n\n\n<p class=\"has-text-align-center\">an.<\/p>\n\n\n\n<p>Zielsetzungen sind:<\/p>\n\n\n\n<ul><li><mark style=\"background-color:rgba(0, 0, 0, 0)\" class=\"has-inline-color has-blue-color\">Gesundheitsf\u00f6rderung und Spa\u00df am Spiel<\/mark><\/li><li><mark style=\"background-color:rgba(0, 0, 0, 0)\" class=\"has-inline-color has-blue-color\">Erweiterung des Sportangebotes<\/mark><\/li><li><mark style=\"background-color:rgba(0, 0, 0, 0)\" class=\"has-inline-color has-blue-color\">vertiefte Behandlung motorischer F\u00e4higkeiten und Fertigkeiten<\/mark><\/li><li><mark style=\"background-color:rgba(0, 0, 0, 0)\" class=\"has-inline-color has-blue-color\">besondere F\u00f6rderung von Begabungen und Interessen<\/mark><\/li><li><mark style=\"background-color:rgba(0, 0, 0, 0)\" class=\"has-inline-color has-blue-color\">angstabbauende \u00dcbungen f\u00fcr M\u00e4dchen mit geringer Ballerfahrung<\/mark><\/li><\/ul>\n","protected":false},"excerpt":{"rendered":"<p>Bewegung und Spiel f\u00fcr interessierte Sch\u00fclerinnen der 3. und 4. Klassen Wir bieten in der unverbindlichen \u00dcbung BEWEGUNG UND SPIEL BALLSPIELE F\u00dcR M\u00c4DCHEN an. Zielsetzungen sind: Gesundheitsf\u00f6rderung und Spa\u00df am Spiel Erweiterung des Sportangebotes vertiefte Behandlung motorischer F\u00e4higkeiten und Fertigkeiten besondere F\u00f6rderung von Begabungen und Interessen angstabbauende \u00dcbungen f\u00fcr M\u00e4dchen mit geringer Ballerfahrung<\/p>\n","protected":false},"author":1,"featured_media":0,"parent":0,"menu_order":0,"comment_status":"closed","ping_status":"closed","template":"","meta":{"two_page_speed":[]},"_links":{"self":[{"href":"https:\/\/vsboeheimkirchen.ac.at\/index.php?rest_route=\/wp\/v2\/pages\/5871"}],"collection":[{"href":"https:\/\/vsboeheimkirchen.ac.at\/index.php?rest_route=\/wp\/v2\/pages"}],"about":[{"href":"https:\/\/vsboeheimkirchen.ac.at\/index.php?rest_route=\/wp\/v2\/types\/page"}],"author":[{"embeddable":true,"href":"https:\/\/vsboeheimkirchen.ac.at\/index.php?rest_route=\/wp\/v2\/users\/1"}],"replies":[{"embeddable":true,"href":"https:\/\/vsboeheimkirchen.ac.at\/index.php?rest_route=%2Fwp%2Fv2%2Fcomments&post=5871"}],"version-history":[{"count":7,"href":"https:\/\/vsboeheimkirchen.ac.at\/index.php?rest_route=\/wp\/v2\/pages\/5871\/revisions"}],"predecessor-version":[{"id":6088,"href":"https:\/\/vsboeheimkirchen.ac.at\/index.php?rest_route=\/wp\/v2\/pages\/5871\/revisions\/6088"}],"wp:attachment":[{"href":"https:\/\/vsboeheimkirchen.ac.at\/index.php?rest_route=%2Fwp%2Fv2%2Fmedia&parent=5871"}],"curies":[{"name":"wp","href":"https:\/\/api.w.org\/{rel}","templated":true}]}}