{"id":852,"date":"2015-01-08T08:10:05","date_gmt":"2015-01-08T07:10:05","guid":{"rendered":"http:\/\/vsboeheimkirchen.ac.at\/?page_id=852"},"modified":"2025-05-09T15:53:23","modified_gmt":"2025-05-09T14:53:23","slug":"kontakt","status":"publish","type":"page","link":"https:\/\/vsboeheimkirchen.ac.at\/?page_id=852","title":{"rendered":"KONTAKT"},"content":{"rendered":"<h3><strong>Medieninhaber und Hersteller:<\/strong><\/h3>\n<p>Volksschule B\u00f6heimkirchen<br \/>\nVD Monika Mayerhofer, BEd<br \/>\nAm Berg 4<br \/>\n3071 B\u00f6heimkirchen<br \/>\nTel: <a href=\"tel:02743 2404-11\">02743 2404-11<\/a><br \/>\nE-Mail: <a href=\"mailto:vs.boeheimkirchen@noeschule.at\">vs.boeheimkirchen@noeschule.at<\/a><\/p>\n<h3><strong>Zweck des Mediums:<\/strong><strong><br \/>\n<\/strong><\/h3>\n<p>Die Website versteht sich als Informationsmedium f\u00fcr alle Interessierten.<\/p>\n<h3><strong>Copyright:<\/strong><\/h3>\n<p>Wenn nicht anders angegeben, liegt das Copyright f\u00fcr die jeweiligen Seiten bei der Volksschule B\u00f6heimkirchen.<br \/>\nAnregungen sind direkt an Fr. VD Mayerhofer zu richten.<\/p>\n<h3><strong>Haftungsinformationen:<\/strong><\/h3>\n<p>F\u00fcr Vollst\u00e4ndigkeit, Fehler redaktioneller und technischer Art bzw. Richtigkeit der Eintragungen wird keine Haftung \u00fcbernommen.<br \/>\nDie Volksschule B\u00f6heimkirchen beh\u00e4lt sich das Recht vor, ohne vorherige Ank\u00fcndigung Ver\u00e4nderungen der bereitgestellten Informationen vorzunehmen.<\/p>\n","protected":false},"excerpt":{"rendered":"<p>Medieninhaber und Hersteller: Volksschule B\u00f6heimkirchen VD Monika Mayerhofer, BEd Am Berg 4 3071 B\u00f6heimkirchen Tel: 02743 2404-11 E-Mail: vs.boeheimkirchen@noeschule.at Zweck des Mediums: Die Website versteht sich als Informationsmedium f\u00fcr alle Interessierten. Copyright: Wenn nicht anders angegeben, liegt das Copyright f\u00fcr die jeweiligen Seiten bei der Volksschule B\u00f6heimkirchen. Anregungen sind direkt an Fr. VD Mayerhofer zu [&hellip;]<\/p>\n","protected":false},"author":1,"featured_media":0,"parent":0,"menu_order":8,"comment_status":"closed","ping_status":"closed","template":"","meta":{"two_page_speed":[]},"_links":{"self":[{"href":"https:\/\/vsboeheimkirchen.ac.at\/index.php?rest_route=\/wp\/v2\/pages\/852"}],"collection":[{"href":"https:\/\/vsboeheimkirchen.ac.at\/index.php?rest_route=\/wp\/v2\/pages"}],"about":[{"href":"https:\/\/vsboeheimkirchen.ac.at\/index.php?rest_route=\/wp\/v2\/types\/page"}],"author":[{"embeddable":true,"href":"https:\/\/vsboeheimkirchen.ac.at\/index.php?rest_route=\/wp\/v2\/users\/1"}],"replies":[{"embeddable":true,"href":"https:\/\/vsboeheimkirchen.ac.at\/index.php?rest_route=%2Fwp%2Fv2%2Fcomments&post=852"}],"version-history":[{"count":11,"href":"https:\/\/vsboeheimkirchen.ac.at\/index.php?rest_route=\/wp\/v2\/pages\/852\/revisions"}],"predecessor-version":[{"id":5919,"href":"https:\/\/vsboeheimkirchen.ac.at\/index.php?rest_route=\/wp\/v2\/pages\/852\/revisions\/5919"}],"wp:attachment":[{"href":"https:\/\/vsboeheimkirchen.ac.at\/index.php?rest_route=%2Fwp%2Fv2%2Fmedia&parent=852"}],"curies":[{"name":"wp","href":"https:\/\/api.w.org\/{rel}","templated":true}]}}